{"id":10,"date":"2012-10-25T19:13:17","date_gmt":"2012-10-25T17:13:17","guid":{"rendered":"http:\/\/www.infosadowne.boo.pl\/?page_id=10"},"modified":"2025-01-02T14:56:27","modified_gmt":"2025-01-02T13:56:27","slug":"dla-mieszkancow","status":"publish","type":"page","link":"http:\/\/info.sadowne.pl\/?page_id=10","title":{"rendered":"Dla mieszka\u0144c\u00f3w"},"content":{"rendered":"<p style=\"text-align: center;\"><a href=\"https:\/\/drohiczynska.pl\/parafie\/sadowne-parafia-sw-jana-chrzciciela\/\" target=\"_blank\" rel=\"noopener noreferrer\"><img loading=\"lazy\" decoding=\"async\" class=\"aligncenter wp-image-46\" title=\"Godziny mszy w miejscowej Parafii\" src=\"http:\/\/www.info.sadowne.pl\/wp-content\/uploads\/2012\/10\/parafia.jpg\" alt=\"\" width=\"380\" height=\"130\" srcset=\"http:\/\/info.sadowne.pl\/wp-content\/uploads\/2012\/10\/parafia.jpg 380w, http:\/\/info.sadowne.pl\/wp-content\/uploads\/2012\/10\/parafia-300x102.jpg 300w\" sizes=\"auto, (max-width: 380px) 100vw, 380px\" \/><\/a><\/p>\n<p style=\"text-align: center;\">**********<a href=\"http:\/\/rozklad-pkp.pl\/bin\/query.exe\/pn?\" target=\"_blank\" rel=\"noopener noreferrer\"><br \/>\n<img loading=\"lazy\" decoding=\"async\" class=\"aligncenter wp-image-54 size-full\" title=\"Rozk\u0142ad jazdy poci\u0105g\u00f3w\" src=\"http:\/\/info.sadowne.pl\/wp-content\/uploads\/2012\/10\/pkp.jpg\" alt=\"\" width=\"183\" height=\"138\" \/><\/a><\/p>\n<p style=\"text-align: center;\">**********<\/p>\n<p style=\"text-align: center;\"><a href=\"http:\/\/www.pkssokolow.pl\/rozklad-jazdy.php\" target=\"_blank\" rel=\"noopener noreferrer\"><img loading=\"lazy\" decoding=\"async\" class=\"aligncenter wp-image-56 size-full\" title=\"Rozk\u0142ad jazdy autobus\u00f3w PKS Soko\u0142\u00f3w Podl.\" src=\"http:\/\/info.sadowne.pl\/wp-content\/uploads\/2012\/10\/pks.jpg\" alt=\"\" width=\"302\" height=\"76\" srcset=\"http:\/\/info.sadowne.pl\/wp-content\/uploads\/2012\/10\/pks.jpg 302w, http:\/\/info.sadowne.pl\/wp-content\/uploads\/2012\/10\/pks-300x75.jpg 300w\" sizes=\"auto, (max-width: 302px) 100vw, 302px\" \/><\/a><\/p>\n<p style=\"text-align: center;\">**********<\/p>\n<p style=\"text-align: center;\"><a href=\"http:\/\/www.dar-bus.com.pl\/przewozy-autokarowe-warszawa\" target=\"_blank\" rel=\"noopener noreferrer\"><img loading=\"lazy\" decoding=\"async\" class=\"aligncenter wp-image-58 size-full\" title=\"Rozk\u0142ad jazdy autobus\u00f3w DAR-BUS\" src=\"http:\/\/info.sadowne.pl\/wp-content\/uploads\/2012\/10\/darbus.jpg\" alt=\"\" width=\"121\" height=\"65\" \/><\/a><\/p>\n<p style=\"text-align: center;\">**********<\/p>\n<p style=\"text-align: center;\"><a href=\"https:\/\/ktomalek.pl\/apteki\/apteka-ogolnodostepna\/sadowne\/an-866882?bgar=aHR0cHM6Ly93d3cuZ29vZ2xlLnBsLw%3D%3D\" target=\"_blank\" rel=\"noopener noreferrer\"><img loading=\"lazy\" decoding=\"async\" class=\"aligncenter wp-image-59 size-full\" title=\"Apteki w Sadownem\" src=\"http:\/\/info.sadowne.pl\/wp-content\/uploads\/2012\/10\/apteka.jpg\" alt=\"\" width=\"180\" height=\"180\" srcset=\"http:\/\/info.sadowne.pl\/wp-content\/uploads\/2012\/10\/apteka.jpg 180w, http:\/\/info.sadowne.pl\/wp-content\/uploads\/2012\/10\/apteka-150x150.jpg 150w\" sizes=\"auto, (max-width: 180px) 100vw, 180px\" \/><\/a><\/p>\n<p style=\"text-align: center;\">**********<\/p>\n<p><a href=\"https:\/\/wokwegrow.pl\/strona-5-kino_kongres_spektaktle.html\" target=\"_blank\" rel=\"noopener noreferrer\"><img loading=\"lazy\" decoding=\"async\" class=\"aligncenter wp-image-273\" title=\"Repertuar Kina &quot;Kongres&quot; w W\u0119growie\" src=\"http:\/\/www.info.sadowne.pl\/wp-content\/uploads\/2012\/10\/kino.jpg\" alt=\"\" width=\"361\" height=\"150\" srcset=\"http:\/\/info.sadowne.pl\/wp-content\/uploads\/2012\/10\/kino.jpg 361w, http:\/\/info.sadowne.pl\/wp-content\/uploads\/2012\/10\/kino-300x124.jpg 300w\" sizes=\"auto, (max-width: 361px) 100vw, 361px\" \/><\/a><\/p>\n<p style=\"text-align: center;\">**********<\/p>\n<p style=\"text-align: center;\"><a href=\"https:\/\/wegrow.praca.gov.pl\/oferty-pracy\" target=\"_blank\" rel=\"noopener noreferrer\"><img loading=\"lazy\" decoding=\"async\" class=\"aligncenter wp-image-767 size-full\" title=\"Oferty pracy\" src=\"http:\/\/info.sadowne.pl\/wp-content\/uploads\/2012\/10\/praca.jpg\" alt=\"og\u0142oszenia o pracy\" width=\"594\" height=\"88\" srcset=\"http:\/\/info.sadowne.pl\/wp-content\/uploads\/2012\/10\/praca.jpg 594w, http:\/\/info.sadowne.pl\/wp-content\/uploads\/2012\/10\/praca-300x44.jpg 300w\" sizes=\"auto, (max-width: 594px) 100vw, 594px\" \/><\/a><\/p>\n<p style=\"text-align: center;\">**********<\/p>\n","protected":false},"excerpt":{"rendered":"<p>********** ********** ********** ********** ********** ********** **********<\/p>\n","protected":false},"author":1,"featured_media":0,"parent":0,"menu_order":1,"comment_status":"open","ping_status":"open","template":"","meta":{"footnotes":""},"class_list":["post-10","page","type-page","status-publish","hentry"],"_links":{"self":[{"href":"http:\/\/info.sadowne.pl\/index.php?rest_route=\/wp\/v2\/pages\/10","targetHints":{"allow":["GET"]}}],"collection":[{"href":"http:\/\/info.sadowne.pl\/index.php?rest_route=\/wp\/v2\/pages"}],"about":[{"href":"http:\/\/info.sadowne.pl\/index.php?rest_route=\/wp\/v2\/types\/page"}],"author":[{"embeddable":true,"href":"http:\/\/info.sadowne.pl\/index.php?rest_route=\/wp\/v2\/users\/1"}],"replies":[{"embeddable":true,"href":"http:\/\/info.sadowne.pl\/index.php?rest_route=%2Fwp%2Fv2%2Fcomments&post=10"}],"version-history":[{"count":20,"href":"http:\/\/info.sadowne.pl\/index.php?rest_route=\/wp\/v2\/pages\/10\/revisions"}],"predecessor-version":[{"id":29725,"href":"http:\/\/info.sadowne.pl\/index.php?rest_route=\/wp\/v2\/pages\/10\/revisions\/29725"}],"wp:attachment":[{"href":"http:\/\/info.sadowne.pl\/index.php?rest_route=%2Fwp%2Fv2%2Fmedia&parent=10"}],"curies":[{"name":"wp","href":"https:\/\/api.w.org\/{rel}","templated":true}]}}