{"id":1638,"date":"2013-04-02T19:57:40","date_gmt":"2013-04-02T17:57:40","guid":{"rendered":"http:\/\/www.infosadowne.boo.pl\/?page_id=1638"},"modified":"2024-09-18T19:30:12","modified_gmt":"2024-09-18T17:30:12","slug":"polityka-prywatnosci-i-wykorzystywania-plikow","status":"publish","type":"page","link":"http:\/\/info.sadowne.pl\/?page_id=1638","title":{"rendered":"Regulamin Portalu"},"content":{"rendered":"<p>Nieoficjalny Portal Informacyjny o Gminie Sadowne \u201eInfo Sadowne\u201d jest zarejestrowany w rejestrze dziennik\u00f3w i czasopism S\u0105du Okr\u0119gowego w Siedlcach \u2013 nr rej. Pr. 1\/22.<\/p>\n<p>Redaktor Naczelny i administrator danych \u2013 S\u0142awomir Chyli\u0144ski, adres Redakcji \u2013 Sadowne, e-mail: info.sadowne@wp.pl.<\/p>\n<p>Portal stanowi w\u0142asno\u015b\u0107 prywatn\u0105 Redaktora Naczelnego i nie jest powi\u0105zany z \u017cadn\u0105 instytucj\u0105. Jest r\u00f3wnie\u017c apolityczny i niekomercyjny \u2013 nie publikuje artyku\u0142\u00f3w dot. dzia\u0142alno\u015bci partii politycznych, ich struktur i program\u00f3w, a tak\u017ce odp\u0142atnych reklam.<\/p>\n<p style=\"text-align: center;\"><strong>Regulamin korzystania z Portalu. Klauzula informacyjna RODO.<\/strong><\/p>\n<ol>\n<li><em><strong> Postanowienia og\u00f3lne.<\/strong><\/em><\/li>\n<\/ol>\n<p>1.1. Ka\u017cdy internauta \u2013 u\u017cytkownik portalu www.info.sadowne.pl, zwanego dalej Portalem, zobowi\u0105zany jest przestrzega\u0107 postanowie\u0144 tego Regulaminu.<br \/>\n1.2. Problemy techniczne, naruszenia oraz sugestie zwi\u0105zane z Portalem nale\u017cy zg\u0142asza\u0107, pisz\u0105c na adres Redakcji e-mail: info.sadowne@wp.pl.<\/p>\n<ol start=\"2\">\n<li><em><strong> Publikowanie artyku\u0142\u00f3w i medi\u00f3w.<\/strong><\/em><\/li>\n<\/ol>\n<p>2.1. Redakcja Portalu umo\u017cliwia mieszka\u0144com gminy Sadowne udzia\u0142 w tworzeniu\u00a0jego zawarto\u015bci w postaci: bezp\u0142atnych publikacji artyku\u0142\u00f3w na tematy zwi\u0105zane z wydarzeniami na tym terenie, bezp\u0142atne reklamowanie swoich firm i umieszczanie bezp\u0142atnych og\u0142osze\u0144 (wskazane zdj\u0119cia), a tak\u017ce promowanie ciekawych miejsc (zdj\u0119cia z opisem w Galerii).<\/p>\n<p>Zgodnie z Ustaw\u0105 z dnia 26 stycznia 1984 r. Prawo Prasowe, tre\u015b\u0107 przesy\u0142anych artyku\u0142\u00f3w nie mo\u017ce by\u0107 sprzeczna z prawem lub zasadami wsp\u00f3\u0142\u017cycia spo\u0142ecznego, musi by\u0107 oznaczona w spos\u00f3b nie budz\u0105cy w\u0105tpliwo\u015bci, i\u017c nie stanowi ona materia\u0142u redakcyjnego.<\/p>\n<p>Tre\u015b\u0107 artyku\u0142\u00f3w nie mo\u017ce by\u0107 te\u017c sprzeczna z lini\u0105 programow\u0105 b\u0105d\u017a charakterem publikacji Portalu. Portal nie publikuje tre\u015bci, kt\u00f3re s\u0105 sprzeczne z prawem polskim i mi\u0119dzynarodowym, nawo\u0142uj\u0105cych do nienawi\u015bci rasowej, wyznaniowej czy etnicznej, jak te\u017c pornografii, materia\u0142\u00f3w nagannych moralnie, tre\u015bci uwa\u017canych powszechnie za nieetyczne czy obel\u017cywe.<\/p>\n<p>W przypadku zaistnienia takich okoliczno\u015bci, Redakcja ma prawo odmowy publikacji przes\u0142anego materia\u0142u.<\/p>\n<p>Portal dostosowuje r\u00f3wnie\u017c swoje tre\u015bci do Rozporz\u0105dzenia Parlamentu Europejskiego i\u00a0Rady (UE) 2016\/679 z\u00a0dnia 27 kwietnia 2016 r. w\u00a0sprawie ochrony os\u00f3b fizycznych w\u00a0zwi\u0105zku z\u00a0przetwarzaniem danych osobowych i\u00a0w\u00a0sprawie swobodnego przep\u0142ywu takich danych oraz\u00a0uchylenia dyrektywy 95\/46\/WE (okre\u015blane jako \u201eRODO\u201d, \u201eORODO\u201d, \u201eGDPR\u201d lub\u00a0\u201eOg\u00f3lne Rozporz\u0105dzenie o\u00a0Ochronie Danych\u201d).<\/p>\n<p>2.2. Redakcja Portalu nie ponosi odpowiedzialno\u015bci za tre\u015b\u0107 przes\u0142anych jej: artyku\u0142\u00f3w, og\u0142osze\u0144, reklam oraz zawarto\u015bci medi\u00f3w. Przes\u0142anie takich informacji, po zapoznaniu si\u0119 autora z cytowanymi zasadami,\u00a0b\u0119dzie r\u00f3wnoznaczne z wyra\u017ceniem zgody na ich bezp\u0142atne opublikowanie, ale b\u0119dzie te\u017c potwierdza\u0142o fakt, i\u017c ich autor zapozna\u0142 si\u0119 i zastosowa\u0142 do ww. Rozporz\u0105dzenia Parlamentu Europejskiego i Rady (UE) 2016\/679 z dnia 27 kwietnia 2016 r.<\/p>\n<p>2.3. Redakcja nie zwraca przes\u0142anych informacji, jak te\u017c zastrzega sobie prawo do zmiany tre\u015bci artyku\u0142u, a tak\u017ce odmowy publikacji w przypadku niezgodno\u015bci z obowi\u0105zuj\u0105cymi przepisami b\u0105d\u017a lini\u0105 programow\u0105 Portalu.<\/p>\n<p>2.4. Portal mo\u017ce obj\u0105\u0107 patronatem medialnym \u00a0imprezy spo\u0142eczno\u015bciowe lub inicjatywy \u2013 planowane na terenie gminy Sadowne \u2013 poprzez publikowanie ich zapowiedzi i relacji po wydarzeniu. Kontakt w tej sprawie pod adresem e-mail:\u00a0info.sadowne@wp.pl.<\/p>\n<ol start=\"3\">\n<li><strong><em> Komentarze.<\/em><\/strong><\/li>\n<\/ol>\n<p>3.1. Portal jest wy\u0142\u0105cznie stron\u0105 informacyjn\u0105 i nie przewiduje si\u0119 dodawania komentarzy do element\u00f3w w nim publikowanych.<\/p>\n<ol start=\"4\">\n<li><strong><em> Prawa autorskie.<\/em><\/strong><\/li>\n<\/ol>\n<p>4.1. Redakcja, publikuj\u0105c jakiekolwiek materia\u0142y w Portalu w oparciu o informacje zamieszczane w innych \u017ar\u00f3d\u0142ach, zawsze podaje ich nazwy wraz z odpowiednimi linkami. Je\u017celi jakikolwiek wydawca (b\u0105d\u017a podmiot maj\u0105cy prawa do materia\u0142\u00f3w, na kt\u00f3re Portal si\u0119 powo\u0142uje) poinformuje, \u017ce nie chce, aby Portal powo\u0142ywa\u0142 si\u0119 na materia\u0142y przez niego publikowane, zostan\u0105 one bezzw\u0142ocznie usuni\u0119te, redakcja nie b\u0119dzie r\u00f3wnie\u017c powo\u0142ywa\u0107 si\u0119 na nie w przysz\u0142o\u015bci.<\/p>\n<p>4.2. Zar\u00f3wno uk\u0142ady tre\u015bci zawarte w Portalu, jak i poszczeg\u00f3lne jego cz\u0119\u015bci, takie jak materia\u0142y pisemne, zdj\u0119cia, grafika i inne, korzystaj\u0105 na og\u00f3lnych zasadach z ochrony udzielanej przez przepisy ustawy z dnia 4 lutego 1994 r. o prawie autorskim i prawach pokrewnych (tekst jednolity \u2013 Dz. U. z 2006 r. nr 90, poz. 631 ze zm.). Ka\u017cdy z u\u017cytkownik\u00f3w zobowi\u0105zany jest do poszanowania praw autorskich pod rygorem odpowiedzialno\u015bci cywilnoprawnej oraz karnej wynikaj\u0105cej z przepis\u00f3w tej ustawy.<\/p>\n<p>4.3. Mo\u017cna korzysta\u0107 z tekst\u00f3w zawartych w Portalu w zakresie w\u0142asnego dozwolonego u\u017cytku osobistego. Wykorzystanie tekst\u00f3w zawartych w Portalu w innym celu nie wymaga zgody pod warunkiem umieszczenia na ka\u017cdej kopii imienia i nazwiska autora danego materia\u0142u i informacji w nast\u0119puj\u0105cym brzmieniu \u201eTekst pochodzi z portalu www.info.sadowne.pl\u201d. Zgoda nie dotyczy zdj\u0119\u0107 oraz innych materia\u0142\u00f3w nie b\u0119d\u0105cych tekstami.<\/p>\n<ol start=\"5\">\n<li><strong><em> Odpowiedzialno\u015b\u0107.<\/em><\/strong><\/li>\n<\/ol>\n<p>5.1. W\u0142a\u015bciciel Portalu nie ponosi \u017cadnej odpowiedzialno\u015bci za decyzje, jakie u\u017cytkownicy podejm\u0105 na podstawie informacji udost\u0119pnianych w Portalu.<\/p>\n<ol start=\"6\">\n<li><strong><em> Ochrona prywatno\u015bci i danych osobowych<\/em><\/strong><em>.<\/em><\/li>\n<\/ol>\n<p>6.1. Serwis przestrzega zasad poszanowania prywatno\u015bci wszystkich os\u00f3b korzystaj\u0105cych z tre\u015bci zawartych w Portalu. Do korzystania z Portalu nie jest wymagana rejestracja u\u017cytkownik\u00f3w. Nie s\u0105 tu te\u017c zbierane, gromadzone ani przetwarzane \u017cadne ich dane, za wyj\u0105tkiem danych niezb\u0119dnych do zrealizowania transmisji w sieci Internet takich, jak adres IP komputera, z kt\u00f3rego \u0142\u0105czy si\u0119 u\u017cytkownik i nazwa domeny. Dane te nie s\u0105 zbierane w spos\u00f3b umo\u017cliwiaj\u0105cy przypisanie ich do konkretnej osoby i s\u0142u\u017c\u0105 wy\u0142\u0105cznie celom statystycznym (dane statystyczne gromadzone s\u0105 w systemie przez okres 1 miesi\u0105ca).<br \/>\n6.2. W\u0142a\u015bciciel Portalu, kt\u00f3ry jest administratorem danych, dok\u0142ada wszelkich stara\u0144, aby dane te by\u0142y zabezpieczone w spos\u00f3b uniemo\u017cliwiaj\u0105cy dost\u0119p do nich osobom trzecim.<\/p>\n<p><strong>6.3. Dane osobowe.<\/strong><\/p>\n<p>Portal Info Sadowne nie gromadzi \u201edanych osobowych\u201d &#8211; informacji o zidentyfikowanej lub mo\u017cliwej do zidentyfikowania osobie fizycznej (\u201eosobie, kt\u00f3rej dane dotycz\u0105\u201d). <em>Mo\u017cliwa do zidentyfikowania osoba fizyczna to osoba, kt\u00f3r\u0105 mo\u017cna bezpo\u015brednio lub po\u015brednio zidentyfikowa\u0107, w szczeg\u00f3lno\u015bci na podstawie identyfikatora takiego jak imi\u0119 i nazwisko, numer identyfikacyjny, dane o lokalizacji, identyfikator internetowy lub jeden b\u0105d\u017a kilka szczeg\u00f3lnych czynnik\u00f3w okre\u015blaj\u0105cych fizyczn\u0105, fizjologiczn\u0105, genetyczn\u0105, psychiczn\u0105, ekonomiczn\u0105, kulturow\u0105 lub spo\u0142eczn\u0105 to\u017csamo\u015b\u0107 osoby fizycznej;<\/em><\/p>\n<p>Podczas wydarze\u0144 gminnych, opisywanych w Portalu, wykonywana jest dokumentacja fotograficzna, kt\u00f3ra nast\u0119pnie umieszczana jest w odr\u0119bnej galerii Google w taki spos\u00f3b, by nie mo\u017cna by\u0142o przypisa\u0107 jej element\u00f3w do \u201edanych osobowych\u201d konkretnej osoby, kt\u00f3rej dane dotycz\u0105, czy te\u017c u\u017cy\u0107 jej do \u201eprofilowania\u201d lub dalszego rozpowszechniania. Fotografie w galerii Google, przechowywane na podstawie art. 6 Rozporz\u0105dzenia Parlamentu Europejskiego i\u00a0Rady (UE) 2016\/679 z\u00a0dnia 27 kwietnia 2016 r. do cel\u00f3w archiwalnych w interesie publicznym, znajduj\u0105 si\u0119 w folderach opatrzonych nazwami do momentu likwidacji Portalu.<\/p>\n<p>Wizerunek os\u00f3b przebywaj\u0105cych na Terenie Imprezy jest utrwalany, a nast\u0119pnie rozpowszechniany dla cel\u00f3w dokumentacyjnych, sprawozdawczych, reklamowych oraz promocyjnych, zgodnie z obowi\u0105zuj\u0105cymi przepisami, czyli:<\/p>\n<p>&#8211; Rozporz\u0105dzeniem Parlamentu Europejskiego i Rady (UE) 2016\/679 z dnia 27 kwietnia 2016 r. w sprawie ochrony os\u00f3b fizycznych w zwi\u0105zku z przetwarzaniem danych osobowych i w sprawie swobodnego przep\u0142ywu takich danych oraz uchylenia dyrektywy 95\/46\/WE (og\u00f3lne rozporz\u0105dzenie o ochronie danych; Dz. U.UE.L.2016.119.1),<\/p>\n<p>&#8211; Ustaw\u0105 z dnia 10 maja 2018 roku o ochronie danych osobowych (Dz. U. z 2018 r. poz. 1000),<\/p>\n<p>&#8211; Ustaw\u0105 z dnia 4 lutego 1994 roku o prawie autorskim i prawach pokrewnych (Dz. U. z 1994 r. Nr 24, poz. 83, z p\u00f3\u017an. zm.).<\/p>\n<p>Nie przewiduje si\u0119 przekazania \u017cadnych danych osobowych do pa\u0144stwa trzeciego lub organizacji mi\u0119dzynarodowej.<\/p>\n<p>Ka\u017cdorazowo wykonuj\u0105cy tak\u0105 dokumentacj\u0119 d\u0105\u017cy do uzyskania zgody os\u00f3b, kt\u00f3rych wizerunki b\u0119d\u0105 utrwalane. \u201e<em>Zgoda\u201d osoby, kt\u00f3rej dane dotycz\u0105 oznacza dobrowolne, konkretne, \u015bwiadome i jednoznaczne okazanie woli, kt\u00f3rym osoba, kt\u00f3rej dane dotycz\u0105, w formie o\u015bwiadczenia lub wyra\u017anego dzia\u0142ania potwierdzaj\u0105cego, przyzwala na przetwarzanie dotycz\u0105cych jej danych osobowych.<\/em><\/p>\n<p><em>Na\u0142o\u017cenie obowi\u0105zku uzyskania takie zgody nie jest jednak konieczne, je\u017celi osoby, kt\u00f3rych dane dotycz\u0105, dysponuj\u0105 ju\u017c tymi informacjami, je\u017celi utrwalenie lub ujawnienie danych s\u0105 wyra\u017anie przewidziane prawem, lub je\u017celi poinformowanie os\u00f3b, kt\u00f3rych dane dotycz\u0105, okazuje si\u0119 niemo\u017cliwe lub wymaga\u0142oby niewsp\u00f3\u0142miernie du\u017cego wysi\u0142ku. <\/em><\/p>\n<p>W tych przypadkach rol\u0105 wykonuj\u0105cego dokumentacj\u0119 fotograficzn\u0105 jest dopilnowanie, aby organizator wydarzenia poinformowa\u0142 w formie komunikatu uczestnik\u00f3w wydarzenia o wykonywanej czynno\u015bci dokumentowania fotograficznego oraz konieczno\u015bci wyra\u017cenia zgody na t\u0119 czynno\u015b\u0107 przez wszystkich uczestnik\u00f3w wydarzenia \u2013 ka\u017cdy uczestnik wydarzenia ma prawo w dowolnym momencie wycofa\u0107 zgod\u0119.<\/p>\n<p>Od og\u00f3lnej zasady wymogu uzyskania zgody na rozpowszechnienie wizerunku osoby uwiecznionej na zdj\u0119ciu\u00a0prawo autorskie przewiduje dwa wyj\u0105tki (art. 81 pkt.2 Ustawy o prawie autorskim i prawach pokrewnych). Zgoda osoby sportretowanej nie b\u0119dzie konieczna wtedy, gdy rozpowszechnienie:<\/p>\n<ul>\n<li>dotyczy osoby powszechnie znanej, a wizerunek wykonano w zwi\u0105zku z pe\u0142nieniem przez ni\u0105 funkcji publicznych (w szczeg\u00f3lno\u015bci politycznych, spo\u0142ecznych, zawodowych);<\/li>\n<li>dotyczy osoby stanowi\u0105cej jedynie szczeg\u00f3\u0142 ca\u0142o\u015bci, takiej jak zgromadzenie, krajobraz czy publiczna impreza (Istotne jest, \u017ce osoba przedstawiona na zdj\u0119ciu musi stanowi\u0107 \u201ejedynie szczeg\u00f3\u0142 ca\u0142o\u015bci\u201d, by\u0107 elementem t\u0142a. Wyj\u0105tek przewidziany przez prawo autorskie nie dotyczy wizerunk\u00f3w skadrowanych czy te\u017c takich, w kt\u00f3rych wizerunek danej osoby (czy te\u017c os\u00f3b) jest elementem kluczowym ca\u0142ego zdj\u0119cia.).<\/li>\n<\/ul>\n<p><strong>Informujemy r\u00f3wnie\u017c, i\u017c dalsza obecno\u015b\u0107 na terenie tej Imprezy \u2013 po og\u0142oszeniu Komunikatu, b\u0119dzie r\u00f3wnoznaczna z wyra\u017ceniem zgody na utrwalenie i rozpowszechnianie wizerunku na naszej stronie internetowej.<\/strong><\/p>\n<p>Uczestnik imprezy, kt\u00f3rego wizerunek utrwalono i umieszczono na naszej stronie internetowej, ma prawo \u017c\u0105dania od administratora dost\u0119pu do swoich danych osobowych, ich sprostowania, usuni\u0119cia, przeniesienia lub ograniczenia przetwarzania, a tak\u017ce prawo do wniesienia sprzeciwu wobec przetwarzania danych do organu nadzorczego, kt\u00f3rym jest Prezes Urz\u0119du Ochrony Danych Osobowych.\u00a0Mo\u017cna si\u0119 z\u00a0nami kontaktowa\u0107 w\u00a0nast\u0119puj\u0105cy spos\u00f3b:<\/p>\n<ol class=\"bracketsAlpha\">\n<li>listownie: ul. Stawki 2, 00-193 Warszawa<\/li>\n<li>przez elektroniczn\u0105 skrzynk\u0119 podawcz\u0105 dost\u0119pn\u0105 na stronie:\u00a0<strong><span style=\"color: #0000ff;\"><a style=\"color: #0000ff;\" href=\"https:\/\/uodo.gov.pl\/pl\/p\/kontakt\" target=\"_blank\" rel=\"noopener noreferrer\">https:\/\/www.uodo.gov.pl\/pl\/p\/kontakt<\/a><\/span><\/strong><\/li>\n<\/ol>\n<p>W przypadku, gdy dokumentacja fotograficzna zosta\u0142a ju\u017c umieszczona w galerii Google Portalu, osoba zainteresowana winna powiadomi\u0107 o wycofaniu \u201ezgody\u201d administratora, przesy\u0142aj\u0105c informacj\u0119 na adres e-mail: <a href=\"mailto:info.sadowne@wp.pl\">info.sadowne@wp.pl<\/a>, w kt\u00f3rej podaje nazw\u0119 folderu ze zdj\u0119ciami i numer problematycznej fotografii. Na podstawie \u201eprawa do bycia zapomnianym\u201d przedmiotowa fotografia zostanie niezw\u0142ocznie usuni\u0119ta (\u201eprawo do bycia zapomnianym\u201d wprowadza mo\u017cliwo\u015b\u0107 sprostowania, usuni\u0119cia oraz ograniczenia przetwarzania danych osobowych).<\/p>\n<ol start=\"7\">\n<li><strong><em> Znaki towarowe zastrze\u017cone, handlowe, identyfikatory.<\/em><\/strong><\/li>\n<\/ol>\n<p>7.1. Wszelkie zastrze\u017cone nazwy i loga firm, pojawiaj\u0105ce si\u0119 w materia\u0142ach udost\u0119pnianych przez Portal, zosta\u0142y u\u017cyte wy\u0142\u0105cznie w celu identyfikacji.<\/p>\n<ol start=\"8\">\n<li><strong><em> Pliki cookies<\/em><\/strong><\/li>\n<\/ol>\n<p>8.1. Serwis nie zbiera w spos\u00f3b automatyczny \u017cadnych informacji, z wyj\u0105tkiem informacji zawartych w plikach cookies.<br \/>\n8.2. Pliki cookies (tzw. \u201eciasteczka\u201d) stanowi\u0105 dane informatyczne, w szczeg\u00f3lno\u015bci pliki tekstowe, kt\u00f3re przechowywane s\u0105 w urz\u0105dzeniu ko\u0144cowym osoby korzystaj\u0105cej z Portalu i przeznaczone s\u0105 do korzystania ze stron internetowych Portalu. Cookies zazwyczaj zawieraj\u0105 nazw\u0119 strony internetowej, z kt\u00f3rej pochodz\u0105, czas przechowywania ich na urz\u0105dzeniu ko\u0144cowym oraz unikalny numer.<br \/>\n8.3. Pliki cookies wykorzystywane s\u0105 wy\u0142\u0105cznie do tworzenia statystyk liczbowych Portalu;<\/p>\n<p>8.4. W ramach Portalu stosowane s\u0105 dwa zasadnicze rodzaje plik\u00f3w cookies: \u201esesyjne\u201d \u00a0(<em>session cookies<\/em>) oraz \u201esta\u0142e\u201d (<em>persistent cookies<\/em>). Cookies \u201esesyjne\u201d s\u0105 plikami tymczasowymi, kt\u00f3re przechowywane s\u0105 w urz\u0105dzeniu ko\u0144cowym u\u017cytkownika do czasu opuszczenia strony internetowej lub wy\u0142\u0105czenia oprogramowania (przegl\u0105darki internetowej). \u201eSta\u0142e\u201d pliki cookies przechowywane s\u0105 w urz\u0105dzeniu ko\u0144cowym u\u017cytkownika przez czas okre\u015blony w parametrach plik\u00f3w cookies lub do czasu ich usuni\u0119cia przez u\u017cytkownika.<\/p>\n<p>8.5. W wielu przypadkach oprogramowanie s\u0142u\u017c\u0105ce do przegl\u0105dania stron internetowych (przegl\u0105darka internetowa) domy\u015blnie dopuszcza przechowywanie plik\u00f3w cookies w urz\u0105dzeniu ko\u0144cowym u\u017cytkownika. U\u017cytkownicy Portalu mog\u0105 dokona\u0107 w ka\u017cdym czasie zmiany ustawie\u0144 dotycz\u0105cych plik\u00f3w cookies. Ustawienia te mog\u0105 zosta\u0107 zmienione w szczeg\u00f3lno\u015bci w taki spos\u00f3b, aby blokowa\u0107 automatyczn\u0105 obs\u0142ug\u0119 plik\u00f3w cookies w ustawieniach przegl\u0105darki internetowej, b\u0105d\u017a informowa\u0107 o ich ka\u017cdorazowym zamieszczeniu w urz\u0105dzeniu u\u017cytkownika Portalu. Szczeg\u00f3\u0142owe informacje o mo\u017cliwo\u015bci i sposobach obs\u0142ugi plik\u00f3w cookies dost\u0119pne s\u0105 w ustawieniach oprogramowania (przegl\u0105darki internetowej).<br \/>\n8.6. Operator Portalu informuje, \u017ce ograniczenia stosowania plik\u00f3w cookies mog\u0105 wp\u0142yn\u0105\u0107 na niekt\u00f3re funkcjonalno\u015bci dost\u0119pne na stronach internetowych Portalu.<\/p>\n<p><strong>Wi\u0119cej informacji na temat plik\u00f3w cookies dost\u0119pnych jest pod adresem\u00a0 <\/strong><a href=\"http:\/\/wszystkoociasteczkach.pl\/\" target=\"_blank\" rel=\"noopener noreferrer\"><strong>http:\/\/wszystkoociasteczkach.pl\/<\/strong><\/a><strong>\u00a0lub w sekcji \u201ePomoc\u201d w menu przegl\u0105darki internetowej.<\/strong><\/p>\n","protected":false},"excerpt":{"rendered":"<p>Nieoficjalny Portal Informacyjny o Gminie Sadowne \u201eInfo Sadowne\u201d jest zarejestrowany w rejestrze dziennik\u00f3w i czasopism S\u0105du Okr\u0119gowego w Siedlcach \u2013 nr rej. Pr. 1\/22. Redaktor Naczelny i administrator danych \u2013 S\u0142awomir Chyli\u0144ski, adres Redakcji \u2013 Sadowne, e-mail: info.sadowne@wp.pl. Portal stanowi w\u0142asno\u015b\u0107 prywatn\u0105 Redaktora Naczelnego i nie jest powi\u0105zany z \u017cadn\u0105 instytucj\u0105. Jest r\u00f3wnie\u017c apolityczny i [&hellip;]<\/p>\n","protected":false},"author":1,"featured_media":0,"parent":0,"menu_order":9,"comment_status":"open","ping_status":"open","template":"","meta":{"footnotes":""},"class_list":["post-1638","page","type-page","status-publish","hentry"],"_links":{"self":[{"href":"http:\/\/info.sadowne.pl\/index.php?rest_route=\/wp\/v2\/pages\/1638","targetHints":{"allow":["GET"]}}],"collection":[{"href":"http:\/\/info.sadowne.pl\/index.php?rest_route=\/wp\/v2\/pages"}],"about":[{"href":"http:\/\/info.sadowne.pl\/index.php?rest_route=\/wp\/v2\/types\/page"}],"author":[{"embeddable":true,"href":"http:\/\/info.sadowne.pl\/index.php?rest_route=\/wp\/v2\/users\/1"}],"replies":[{"embeddable":true,"href":"http:\/\/info.sadowne.pl\/index.php?rest_route=%2Fwp%2Fv2%2Fcomments&post=1638"}],"version-history":[{"count":32,"href":"http:\/\/info.sadowne.pl\/index.php?rest_route=\/wp\/v2\/pages\/1638\/revisions"}],"predecessor-version":[{"id":29433,"href":"http:\/\/info.sadowne.pl\/index.php?rest_route=\/wp\/v2\/pages\/1638\/revisions\/29433"}],"wp:attachment":[{"href":"http:\/\/info.sadowne.pl\/index.php?rest_route=%2Fwp%2Fv2%2Fmedia&parent=1638"}],"curies":[{"name":"wp","href":"https:\/\/api.w.org\/{rel}","templated":true}]}}