{"id":18,"date":"2012-10-25T19:20:36","date_gmt":"2012-10-25T17:20:36","guid":{"rendered":"http:\/\/www.infosadowne.boo.pl\/?page_id=18"},"modified":"2024-09-18T19:32:37","modified_gmt":"2024-09-18T17:32:37","slug":"kontakt","status":"publish","type":"page","link":"http:\/\/info.sadowne.pl\/?page_id=18","title":{"rendered":"Kontakt &#8211; wy\u015blij artyku\u0142"},"content":{"rendered":"<p style=\"text-align: justify;\"><strong><img loading=\"lazy\" decoding=\"async\" class=\"alignleft wp-image-15606 size-medium\" src=\"http:\/\/info.sadowne.pl\/wp-content\/uploads\/2017\/04\/cropped-infosadownelogo-300x300.jpg\" alt=\"\" width=\"300\" height=\"300\" srcset=\"http:\/\/info.sadowne.pl\/wp-content\/uploads\/2017\/04\/cropped-infosadownelogo-300x300.jpg 300w, http:\/\/info.sadowne.pl\/wp-content\/uploads\/2017\/04\/cropped-infosadownelogo-270x270.jpg 270w, http:\/\/info.sadowne.pl\/wp-content\/uploads\/2017\/04\/cropped-infosadownelogo-192x192.jpg 192w, http:\/\/info.sadowne.pl\/wp-content\/uploads\/2017\/04\/cropped-infosadownelogo-180x180.jpg 180w, http:\/\/info.sadowne.pl\/wp-content\/uploads\/2017\/04\/cropped-infosadownelogo-32x32.jpg 32w, http:\/\/info.sadowne.pl\/wp-content\/uploads\/2017\/04\/cropped-infosadownelogo.jpg 512w\" sizes=\"auto, (max-width: 300px) 100vw, 300px\" \/>Redakcja Portalu &#8222;Info Sadowne&#8221; prosi mieszka\u0144c\u00f3w gminy Sadowne o udzia\u0142 w tworzeniu\u00a0jego zawarto\u015bci w postaci:<\/strong> artyku\u0142\u00f3w na tematy zwi\u0105zane z wydarzeniami na naszym terenie, bezp\u0142atne reklamowanie swoich firm i umieszczanie bezp\u0142atnych og\u0142osze\u0144 (wskazane zdj\u0119cia), a tak\u017ce promowanie ciekawych miejsc (zdj\u0119cia z opisem w Galerii).<\/p>\n<p style=\"text-align: justify;\">Prosz\u0119 przesy\u0142a\u0107 zdj\u0119cia i obrazki w formacie ok. 800&#215;600 pikseli.<\/p>\n<p style=\"text-align: justify;\"><strong>Jednocze\u015bnie informujemy, i\u017c Redakcja portalu nie ponosi odpowiedzialno\u015bci za tre\u015b\u0107 przes\u0142anych nam: artyku\u0142\u00f3w, og\u0142osze\u0144, reklam oraz zawarto\u015bci medi\u00f3w.<\/strong> Przes\u0142anie takich informacji, po zapoznaniu si\u0119 autora z Regulaminem Portalu,\u00a0b\u0119dzie r\u00f3wnoznaczne z wyra\u017ceniem zgody na ich bezp\u0142atne opublikowanie. Redakcja nie zwraca przes\u0142anych informacji, jak te\u017c zastrzega sobie prawo do zmiany tre\u015bci artyku\u0142u, a tak\u017ce odmowy publikacji w przypadku niezgodno\u015bci z obowi\u0105zuj\u0105cymi przepisami.<\/p>\n<p style=\"text-align: justify;\"><strong>Informujemy r\u00f3wnie\u017c, i\u017c Portal &#8222;Info Sadowne&#8221; mo\u017ce obj\u0105\u0107 patronatem medialnym imprezy spo\u0142eczno\u015bciowe lub inicjatywy<\/strong> &#8211; planowane na terenie gminy Sadowne &#8211; poprzez publikowanie ich zapowiedzi i relacji po wydarzeniu.<\/p>\n<p style=\"text-align: justify;\"><strong>Wszystkich ch\u0119tnych prosimy o kontakt pod adresem:\u00a0info.sadowne@wp.pl.<\/strong><\/p>\n","protected":false},"excerpt":{"rendered":"<p>Redakcja Portalu &#8222;Info Sadowne&#8221; prosi mieszka\u0144c\u00f3w gminy Sadowne o udzia\u0142 w tworzeniu\u00a0jego zawarto\u015bci w postaci: artyku\u0142\u00f3w na tematy zwi\u0105zane z wydarzeniami na naszym terenie, bezp\u0142atne reklamowanie swoich firm i umieszczanie bezp\u0142atnych og\u0142osze\u0144 (wskazane zdj\u0119cia), a tak\u017ce promowanie ciekawych miejsc (zdj\u0119cia z opisem w Galerii). Prosz\u0119 przesy\u0142a\u0107 zdj\u0119cia i obrazki w formacie ok. 800&#215;600 pikseli. Jednocze\u015bnie [&hellip;]<\/p>\n","protected":false},"author":1,"featured_media":0,"parent":0,"menu_order":5,"comment_status":"open","ping_status":"open","template":"","meta":{"footnotes":""},"class_list":["post-18","page","type-page","status-publish","hentry"],"_links":{"self":[{"href":"http:\/\/info.sadowne.pl\/index.php?rest_route=\/wp\/v2\/pages\/18","targetHints":{"allow":["GET"]}}],"collection":[{"href":"http:\/\/info.sadowne.pl\/index.php?rest_route=\/wp\/v2\/pages"}],"about":[{"href":"http:\/\/info.sadowne.pl\/index.php?rest_route=\/wp\/v2\/types\/page"}],"author":[{"embeddable":true,"href":"http:\/\/info.sadowne.pl\/index.php?rest_route=\/wp\/v2\/users\/1"}],"replies":[{"embeddable":true,"href":"http:\/\/info.sadowne.pl\/index.php?rest_route=%2Fwp%2Fv2%2Fcomments&post=18"}],"version-history":[{"count":32,"href":"http:\/\/info.sadowne.pl\/index.php?rest_route=\/wp\/v2\/pages\/18\/revisions"}],"predecessor-version":[{"id":29434,"href":"http:\/\/info.sadowne.pl\/index.php?rest_route=\/wp\/v2\/pages\/18\/revisions\/29434"}],"wp:attachment":[{"href":"http:\/\/info.sadowne.pl\/index.php?rest_route=%2Fwp%2Fv2%2Fmedia&parent=18"}],"curies":[{"name":"wp","href":"https:\/\/api.w.org\/{rel}","templated":true}]}}