{"id":267,"date":"2012-11-06T07:10:00","date_gmt":"2012-11-06T06:10:00","guid":{"rendered":"http:\/\/www.infosadowne.boo.pl\/?page_id=267"},"modified":"2012-11-15T17:17:56","modified_gmt":"2012-11-15T16:17:56","slug":"urzedy-instytucje-publiczne","status":"publish","type":"page","link":"http:\/\/info.sadowne.pl\/?page_id=267","title":{"rendered":"Urz\u0119dy"},"content":{"rendered":"<h1><img loading=\"lazy\" decoding=\"async\" class=\"alignleft size-full wp-image-322\" title=\"gmina\" src=\"http:\/\/www.info.sadowne.pl\/wp-content\/uploads\/2012\/11\/gmina.jpg\" alt=\"\" width=\"307\" height=\"230\" srcset=\"http:\/\/info.sadowne.pl\/wp-content\/uploads\/2012\/11\/gmina.jpg 307w, http:\/\/info.sadowne.pl\/wp-content\/uploads\/2012\/11\/gmina-300x224.jpg 300w\" sizes=\"auto, (max-width: 307px) 100vw, 307px\" \/><strong>Urz\u0105d Gminy Sadowne<\/strong><\/h1>\n<div>ul Ko\u015bciuszki 3<\/div>\n<p>07-140 Sadowne<\/p>\n<p>tel.(+48 25) 67-53-308<\/p>\n<p>fax (+48 25) 67-53-308<\/p>\n<p><a href=\"http:\/\/www.sadowne.pl\" target=\"_blank\">www.sadowne.pl<\/a><\/p>\n<p>&nbsp;<\/p>\n<p>&nbsp;<\/p>\n<p style=\"text-align: center;\">&#8230;&#8230;&#8230;&#8230;&#8230;&#8230;&#8230;&#8230;&#8230;&#8230;&#8230;&#8230;&#8230;&#8230;&#8230;&#8230;&#8230;<\/p>\n<h1 style=\"text-align: left;\"><\/h1>\n<h1 style=\"text-align: justify;\"><strong><img loading=\"lazy\" decoding=\"async\" class=\"alignleft size-full wp-image-345\" title=\"zgk\" src=\"http:\/\/www.info.sadowne.pl\/wp-content\/uploads\/2012\/11\/zgk.jpg\" alt=\"\" width=\"323\" height=\"215\" srcset=\"http:\/\/info.sadowne.pl\/wp-content\/uploads\/2012\/11\/zgk.jpg 323w, http:\/\/info.sadowne.pl\/wp-content\/uploads\/2012\/11\/zgk-300x199.jpg 300w\" sizes=\"auto, (max-width: 323px) 100vw, 323px\" \/>Zak\u0142ad Gospodarki<\/strong><\/h1>\n<h1><strong>Komunalnej <\/strong><\/h1>\n<h1><strong>w Sadownem<\/strong><\/h1>\n<p>07-140 Sadowne, ul. Ku\u017anica 1<\/p>\n<p>tel.\/ fax (25) 675-32-04 lub (25) 675-32-40<\/p>\n<p>&nbsp;<\/p>\n<p>&nbsp;<\/p>\n<p style=\"text-align: center;\">e-mail: <a href=\"mailto:zgk@zgksadowne.pl\">zgk@zgksadowne.pl<\/a><\/p>\n<p style=\"text-align: center;\"><a href=\"http:\/\/www.zgksadowne.pl\" target=\"_blank\">www.zgksadowne.pl<\/a><\/p>\n<p style=\"text-align: center;\"><span style=\"color: #ff0000;\">TELEFONY ALARMOWE:<\/span><\/p>\n<p style=\"text-align: center;\">Pogotowie wodoci\u0105gowe \u2013 665-554-997<\/p>\n<p style=\"text-align: center;\">Oczyszczalnia \u015bciek\u00f3w \u2013 512-579-998<strong> <\/strong><\/p>\n<p style=\"text-align: center;\"><strong><\/strong><\/p>\n<p style=\"text-align: center;\"><strong><\/strong><\/p>\n<h1 style=\"text-align: center;\">GMINNY O\u015aRODEK POMOCY SPO\u0141ECZNEJ<\/h1>\n<p style=\"text-align: center;\">07-140 Sadowne, ul. Ku\u017cnica 1<\/p>\n<p style=\"text-align: center;\">tel. 25 6753 234<\/p>\n<p style=\"text-align: center;\">e-mail: <a href=\"mailto:gops@sadowne.pl\">gops@sadowne.pl<\/a><\/p>\n<p style=\"text-align: center;\"><span>O\u015brodek czynny od poniedzia\u0142ku do pi\u0105tku w godz. 8.00 &#8211; 16.00.<\/span><\/p>\n<p style=\"text-align: center;\"><strong>&#8230;&#8230;&#8230;&#8230;&#8230;&#8230;&#8230;&#8230;&#8230;&#8230;&#8230;&#8230;&#8230;&#8230;&#8230;&#8230;..<\/strong><\/p>\n","protected":false},"excerpt":{"rendered":"<p>Urz\u0105d Gminy Sadowne ul Ko\u015bciuszki 3 07-140 Sadowne tel.(+48 25) 67-53-308 fax (+48 25) 67-53-308 www.sadowne.pl &nbsp; &nbsp; &#8230;&#8230;&#8230;&#8230;&#8230;&#8230;&#8230;&#8230;&#8230;&#8230;&#8230;&#8230;&#8230;&#8230;&#8230;&#8230;&#8230; Zak\u0142ad Gospodarki Komunalnej w Sadownem 07-140 Sadowne, ul. Ku\u017anica 1 tel.\/ fax (25) 675-32-04 lub (25) 675-32-40 &nbsp; &nbsp; e-mail: zgk@zgksadowne.pl www.zgksadowne.pl TELEFONY ALARMOWE: Pogotowie wodoci\u0105gowe \u2013 665-554-997 Oczyszczalnia \u015bciek\u00f3w \u2013 512-579-998 GMINNY O\u015aRODEK POMOCY SPO\u0141ECZNEJ [&hellip;]<\/p>\n","protected":false},"author":1,"featured_media":0,"parent":13,"menu_order":1,"comment_status":"open","ping_status":"open","template":"","meta":{"footnotes":""},"class_list":["post-267","page","type-page","status-publish","hentry"],"_links":{"self":[{"href":"http:\/\/info.sadowne.pl\/index.php?rest_route=\/wp\/v2\/pages\/267","targetHints":{"allow":["GET"]}}],"collection":[{"href":"http:\/\/info.sadowne.pl\/index.php?rest_route=\/wp\/v2\/pages"}],"about":[{"href":"http:\/\/info.sadowne.pl\/index.php?rest_route=\/wp\/v2\/types\/page"}],"author":[{"embeddable":true,"href":"http:\/\/info.sadowne.pl\/index.php?rest_route=\/wp\/v2\/users\/1"}],"replies":[{"embeddable":true,"href":"http:\/\/info.sadowne.pl\/index.php?rest_route=%2Fwp%2Fv2%2Fcomments&post=267"}],"version-history":[{"count":11,"href":"http:\/\/info.sadowne.pl\/index.php?rest_route=\/wp\/v2\/pages\/267\/revisions"}],"predecessor-version":[{"id":323,"href":"http:\/\/info.sadowne.pl\/index.php?rest_route=\/wp\/v2\/pages\/267\/revisions\/323"}],"up":[{"embeddable":true,"href":"http:\/\/info.sadowne.pl\/index.php?rest_route=\/wp\/v2\/pages\/13"}],"wp:attachment":[{"href":"http:\/\/info.sadowne.pl\/index.php?rest_route=%2Fwp%2Fv2%2Fmedia&parent=267"}],"curies":[{"name":"wp","href":"https:\/\/api.w.org\/{rel}","templated":true}]}}