{"id":350,"date":"2012-11-11T19:13:27","date_gmt":"2012-11-11T18:13:27","guid":{"rendered":"http:\/\/www.infosadowne.boo.pl\/?page_id=350"},"modified":"2014-05-21T19:57:55","modified_gmt":"2014-05-21T17:57:55","slug":"instytucje-publiczne","status":"publish","type":"page","link":"http:\/\/info.sadowne.pl\/?page_id=350","title":{"rendered":"Instytucje publiczne"},"content":{"rendered":"<h2><img loading=\"lazy\" decoding=\"async\" class=\"size-full wp-image-433 alignleft\" title=\"bank\" alt=\"\" src=\"http:\/\/www.info.sadowne.pl\/wp-content\/uploads\/2012\/11\/bank.jpg\" width=\"307\" height=\"230\" srcset=\"http:\/\/info.sadowne.pl\/wp-content\/uploads\/2012\/11\/bank.jpg 307w, http:\/\/info.sadowne.pl\/wp-content\/uploads\/2012\/11\/bank-300x224.jpg 300w\" sizes=\"auto, (max-width: 307px) 100vw, 307px\" \/>Bank Sp\u00f3\u0142dzielczy<\/h2>\n<h2>w Sadownem<\/h2>\n<p>07-140 Sadowne, ul. Ko\u015bciuszki 5<\/p>\n<p>tel. 25 6753 211<\/p>\n<p>&nbsp;<\/p>\n<p>&nbsp;<\/p>\n<p>&nbsp;<\/p>\n<p style=\"text-align: center;\">&#8230;&#8230;&#8230;&#8230;&#8230;&#8230;&#8230;&#8230;&#8230;&#8230;&#8230;&#8230;&#8230;&#8230;&#8230;&#8230;..<\/p>\n<h2><img loading=\"lazy\" decoding=\"async\" class=\"alignleft size-full wp-image-434\" title=\"poczta\" alt=\"\" src=\"http:\/\/www.info.sadowne.pl\/wp-content\/uploads\/2012\/11\/poczta.jpg\" width=\"323\" height=\"215\" srcset=\"http:\/\/info.sadowne.pl\/wp-content\/uploads\/2012\/11\/poczta.jpg 323w, http:\/\/info.sadowne.pl\/wp-content\/uploads\/2012\/11\/poczta-300x199.jpg 300w\" sizes=\"auto, (max-width: 323px) 100vw, 323px\" \/>Urz\u0105d Pocztowy<\/h2>\n<h2>w Sadownem<\/h2>\n<p>07-140 Sadowne, ul. Ko\u015bciuszki 32<\/p>\n<p>tel. 25 6753 226<\/p>\n<p>&nbsp;<\/p>\n<p>&nbsp;<\/p>\n<p>&nbsp;<\/p>\n<p style=\"text-align: center;\">&#8230;&#8230;&#8230;&#8230;&#8230;&#8230;&#8230;&#8230;&#8230;&#8230;&#8230;&#8230;&#8230;&#8230;&#8230;&#8230;..<\/p>\n<h2><img loading=\"lazy\" decoding=\"async\" class=\"alignleft size-full wp-image-5213\" alt=\"lesnictwo\" src=\"http:\/\/www.info.sadowne.pl\/wp-content\/uploads\/2012\/11\/lesnictwo.jpg\" width=\"395\" height=\"263\" srcset=\"http:\/\/info.sadowne.pl\/wp-content\/uploads\/2012\/11\/lesnictwo.jpg 395w, http:\/\/info.sadowne.pl\/wp-content\/uploads\/2012\/11\/lesnictwo-300x199.jpg 300w\" sizes=\"auto, (max-width: 395px) 100vw, 395px\" \/>Le\u015bnictwo Sadowne<\/h2>\n<p>07-140 Sadowne, ul. S\u0142oneczna 25<\/p>\n<p>tel. 25 6753 203<\/p>\n<h2>Le\u015bnictwo Zieleniec<\/h2>\n<p>07-140 Sadowne, ul. S\u0142oneczna 25<\/p>\n<p>tel. 25 6753 215<\/p>\n<p>&nbsp;<\/p>\n<p>&nbsp;<\/p>\n<p style=\"text-align: center;\">&#8230;&#8230;&#8230;&#8230;&#8230;&#8230;&#8230;&#8230;&#8230;&#8230;&#8230;&#8230;&#8230;&#8230;&#8230;&#8230;..<\/p>\n","protected":false},"excerpt":{"rendered":"<p>Bank Sp\u00f3\u0142dzielczy w Sadownem 07-140 Sadowne, ul. Ko\u015bciuszki 5 tel. 25 6753 211 &nbsp; &nbsp; &nbsp; &#8230;&#8230;&#8230;&#8230;&#8230;&#8230;&#8230;&#8230;&#8230;&#8230;&#8230;&#8230;&#8230;&#8230;&#8230;&#8230;.. Urz\u0105d Pocztowy w Sadownem 07-140 Sadowne, ul. Ko\u015bciuszki 32 tel. 25 6753 226 &nbsp; &nbsp; &nbsp; &#8230;&#8230;&#8230;&#8230;&#8230;&#8230;&#8230;&#8230;&#8230;&#8230;&#8230;&#8230;&#8230;&#8230;&#8230;&#8230;.. Le\u015bnictwo Sadowne 07-140 Sadowne, ul. S\u0142oneczna 25 tel. 25 6753 203 Le\u015bnictwo Zieleniec 07-140 Sadowne, ul. S\u0142oneczna 25 tel. 25 6753 [&hellip;]<\/p>\n","protected":false},"author":1,"featured_media":0,"parent":13,"menu_order":2,"comment_status":"open","ping_status":"open","template":"","meta":{"footnotes":""},"class_list":["post-350","page","type-page","status-publish","hentry"],"_links":{"self":[{"href":"http:\/\/info.sadowne.pl\/index.php?rest_route=\/wp\/v2\/pages\/350","targetHints":{"allow":["GET"]}}],"collection":[{"href":"http:\/\/info.sadowne.pl\/index.php?rest_route=\/wp\/v2\/pages"}],"about":[{"href":"http:\/\/info.sadowne.pl\/index.php?rest_route=\/wp\/v2\/types\/page"}],"author":[{"embeddable":true,"href":"http:\/\/info.sadowne.pl\/index.php?rest_route=\/wp\/v2\/users\/1"}],"replies":[{"embeddable":true,"href":"http:\/\/info.sadowne.pl\/index.php?rest_route=%2Fwp%2Fv2%2Fcomments&post=350"}],"version-history":[{"count":4,"href":"http:\/\/info.sadowne.pl\/index.php?rest_route=\/wp\/v2\/pages\/350\/revisions"}],"predecessor-version":[{"id":5214,"href":"http:\/\/info.sadowne.pl\/index.php?rest_route=\/wp\/v2\/pages\/350\/revisions\/5214"}],"up":[{"embeddable":true,"href":"http:\/\/info.sadowne.pl\/index.php?rest_route=\/wp\/v2\/pages\/13"}],"wp:attachment":[{"href":"http:\/\/info.sadowne.pl\/index.php?rest_route=%2Fwp%2Fv2%2Fmedia&parent=350"}],"curies":[{"name":"wp","href":"https:\/\/api.w.org\/{rel}","templated":true}]}}