{"id":73,"date":"2012-10-27T17:59:30","date_gmt":"2012-10-27T15:59:30","guid":{"rendered":"http:\/\/www.infosadowne.boo.pl\/?page_id=73"},"modified":"2019-04-07T11:18:59","modified_gmt":"2019-04-07T09:18:59","slug":"galeria","status":"publish","type":"page","link":"http:\/\/info.sadowne.pl\/?page_id=73","title":{"rendered":"Galeria"},"content":{"rendered":"<p style=\"text-align: justify;\">Strona Info Sadowne przy publikacji artyku\u0142\u00f3w korzysta r\u00f3wnie\u017c z zewn\u0119trznej galerii Google. Prezentujemy w niej zdj\u0119cia przedstawiaj\u0105ce ciekawe i warte obejrzenia zak\u0105tki naszej gminy. Publikujemy tu tak\u017ce relacje z imprez odbywaj\u0105cych si\u0119 na terenie gminy Sadowne, zachowuj\u0105c zasady zawarte w aktualnie obowi\u0105zuj\u0105cych przepisach o ochronie danych osobowych i wydaj\u0105c wcze\u015bniej komunikat dla uczestnik\u00f3w imprezy o tre\u015bci:<\/p>\n<p style=\"text-align: center;\"><em><strong>KOMUNIKAT ORGANIZATORA IMPREZY<\/strong><\/em><\/p>\n<p><em>Organizator dzisiejszej imprezy podj\u0105\u0142 decyzj\u0119, \u017ce jej przebieg zostanie utrwalony za pomoc\u0105 fotografii dla cel\u00f3w dokumentacji oraz promocji lub reklamy Imprezy w przysz\u0142ych latach, promocji lub reklamy Organizatora oraz sponsor\u00f3w. Wizerunek os\u00f3b przebywaj\u0105cych na Terenie Imprezy b\u0119dzie utrwalony, a nast\u0119pnie rozpowszechniany dla cel\u00f3w dokumentacyjnych, sprawozdawczych, reklamowych oraz promocyjnych, zgodnie z obowi\u0105zuj\u0105cymi przepisami, czyli:\u00a0<\/em><\/p>\n<p><em>&#8211; Rozporz\u0105dzeniem Parlamentu Europejskiego i Rady (UE) 2016\/679 z dnia 27 kwietnia 2016 r. w sprawie ochrony os\u00f3b fizycznych w zwi\u0105zku z przetwarzaniem danych osobowych i w sprawie swobodnego przep\u0142ywu takich danych oraz uchylenia dyrektywy 95\/46\/WE (og\u00f3lne rozporz\u0105dzenie o ochronie danych; Dz. U.UE.L.2016.119.1),<\/em><\/p>\n<p><em>&#8211; Ustaw\u0105 z dnia 10 maja 2018 roku o ochronie danych osobowych,<\/em><\/p>\n<p><em>&#8211; Ustaw\u0105 z dnia 4 lutego 1994 roku o prawie autorskim i prawach pokrewnych (Dz. U. z 1994 r. Nr 24, poz. 83, z p\u00f3\u017an. zm.).<\/em><\/p>\n<p><em>W zwi\u0105zku z powy\u017cszym informujemy, \u017ce wej\u015bcie na Teren Imprezy jest r\u00f3wnoznaczne z wyra\u017ceniem przez Uczestnika Imprezy zgody na utrwalanie, przechowywanie, przetwarzanie oraz rozpowszechnianie przez Organizatora i osoby z nim wsp\u00f3\u0142pracuj\u0105ce swojego wizerunku, utrwalonego na terenie tej Imprezy w formie fotografii.<\/em><\/p>\n<p><em>Czynno\u015b\u0107 dokumentowania przebiegu Imprezy, w ramach wsp\u00f3\u0142pracy, zlecona zosta\u0142a przez Organizatora Portalowi INFO SADOWNE, a wykonane fotografie zostan\u0105 umieszczone na stronie internetowej <a href=\"http:\/\/www.info.sadowne.pl\">www.info.sadowne.pl<\/a>. B\u0119d\u0105 one zgodnie z obowi\u0105zuj\u0105cymi przepisami przechowywane i udost\u0119pnione internautom do czasu funkcjonowania tej strony internetowej. Nie przewiduje si\u0119 przekazania \u017cadnych danych osobowych do pa\u0144stwa trzeciego lub organizacji mi\u0119dzynarodowej.<\/em><\/p>\n<p><em>Informujemy, i\u017c zgodnie z ww. Rozporz\u0105dzeniem Parlamentu Europejskiego ka\u017cdy Uczestnik imprezy, kt\u00f3rego wizerunek utrwalono i umieszczono na podanych stronach internetowych, ma prawo \u017c\u0105dania od administratora dost\u0119pu do swoich danych osobowych, ich sprostowania, usuni\u0119cia, przeniesienia lub ograniczenia przetwarzania, a tak\u017ce prawo do wniesienia sprzeciwu wobec przetwarzania danych do organu nadzorczego, kt\u00f3rym jest Prezes Urz\u0119du Ochrony Danych Osobowych.<\/em><\/p>\n<p><em>Uczestnik imprezy ma r\u00f3wnie\u017c prawo do wycofania w ka\u017cdej chwili swojej zgody na utrwalenie i udost\u0119pnianie swojego wizerunku. O cofni\u0119ciu takiej zgody nale\u017cy poinformowa\u0107 za pomoc\u0105 poczty elektronicznej administratora zgromadzonych danych \u2013 adres e-mail: <a href=\"mailto:info.sadowne@wp.pl\">info.sadowne@wp.pl<\/a>, wskazuj\u0105c nazw\u0119 albumu fotograficznego i numer problematycznego zdj\u0119cia. Zgodnie z przepisami, po weryfikacji danych, zdj\u0119cie to zostanie usuni\u0119te.<\/em><\/p>\n<p><em>Informujemy r\u00f3wnie\u017c, i\u017c dalsza obecno\u015b\u0107 na terenie tej Imprezy \u2013 po og\u0142oszeniu niniejszego Komunikatu, b\u0119dzie r\u00f3wnoznaczna z wyra\u017ceniem zgody przez Pa\u0144stwa na utrwalenie i rozpowszechnianie wizerunku na podanych wcze\u015bniej stronach internetowych.<\/em><\/p>\n<p style=\"text-align: justify;\">W Galerii publikowane s\u0105 te\u017c fotografie przes\u0142ane przez internaut\u00f3w &#8211; przes\u0142anie zdj\u0119\u0107 jest r\u00f3wnoznaczne z tym, \u017ce ich autor zapozna\u0142 si\u0119 z ww. przepisami o ochronie danych osobowych i stosuje si\u0119 do nich, a tak\u017ce z wyra\u017ceniem zgody na ich publikacj\u0119 oraz brakiem jakichkolwiek roszcze\u0144 ze strony os\u00f3b trzecich (wi\u0119cej &#8211; r\u00f3wnie\u017c na temat ochrony danych osobowych &#8211; na podstronie <span style=\"color: #0000ff;\"><a style=\"color: #0000ff;\" href=\"http:\/\/info.sadowne.pl\/?page_id=1638\" target=\"_blank\" rel=\"noopener noreferrer\">&#8222;Regulamin&#8221;<\/a><\/span>).\u00a0Zdj\u0119cia b\u0119d\u0105\u00a0publikowane\u00a0w Galerii &#8211; oczywi\u015bcie bezp\u0142atnie.<\/p>\n","protected":false},"excerpt":{"rendered":"<p>Strona Info Sadowne przy publikacji artyku\u0142\u00f3w korzysta r\u00f3wnie\u017c z zewn\u0119trznej galerii Google. Prezentujemy w niej zdj\u0119cia przedstawiaj\u0105ce ciekawe i warte obejrzenia zak\u0105tki naszej gminy. Publikujemy tu tak\u017ce relacje z imprez odbywaj\u0105cych si\u0119 na terenie gminy Sadowne, zachowuj\u0105c zasady zawarte w aktualnie obowi\u0105zuj\u0105cych przepisach o ochronie danych osobowych i wydaj\u0105c wcze\u015bniej komunikat dla uczestnik\u00f3w imprezy o [&hellip;]<\/p>\n","protected":false},"author":1,"featured_media":0,"parent":0,"menu_order":6,"comment_status":"open","ping_status":"open","template":"","meta":{"footnotes":""},"class_list":["post-73","page","type-page","status-publish","hentry"],"_links":{"self":[{"href":"http:\/\/info.sadowne.pl\/index.php?rest_route=\/wp\/v2\/pages\/73","targetHints":{"allow":["GET"]}}],"collection":[{"href":"http:\/\/info.sadowne.pl\/index.php?rest_route=\/wp\/v2\/pages"}],"about":[{"href":"http:\/\/info.sadowne.pl\/index.php?rest_route=\/wp\/v2\/types\/page"}],"author":[{"embeddable":true,"href":"http:\/\/info.sadowne.pl\/index.php?rest_route=\/wp\/v2\/users\/1"}],"replies":[{"embeddable":true,"href":"http:\/\/info.sadowne.pl\/index.php?rest_route=%2Fwp%2Fv2%2Fcomments&post=73"}],"version-history":[{"count":35,"href":"http:\/\/info.sadowne.pl\/index.php?rest_route=\/wp\/v2\/pages\/73\/revisions"}],"predecessor-version":[{"id":20257,"href":"http:\/\/info.sadowne.pl\/index.php?rest_route=\/wp\/v2\/pages\/73\/revisions\/20257"}],"wp:attachment":[{"href":"http:\/\/info.sadowne.pl\/index.php?rest_route=%2Fwp%2Fv2%2Fmedia&parent=73"}],"curies":[{"name":"wp","href":"https:\/\/api.w.org\/{rel}","templated":true}]}}