{"id":13,"date":"2012-10-25T19:17:39","date_gmt":"2012-10-25T17:17:39","guid":{"rendered":"http:\/\/www.infosadowne.boo.pl\/?page_id=13"},"modified":"2020-01-30T19:49:01","modified_gmt":"2020-01-30T18:49:01","slug":"instytucje-firmy","status":"publish","type":"page","link":"https:\/\/info.sadowne.pl\/?page_id=13","title":{"rendered":"Katalog firm"},"content":{"rendered":"<p style=\"text-align: left;\"><span style=\"color: #0000ff;\"><strong><a href=\"http:\/\/www.info.sadowne.pl\/?page_id=267\"><span style=\"color: #0000ff;\">URZ\u0118DY<\/span><\/a><\/strong><\/span><\/p>\n<p style=\"text-align: left;\"><span style=\"color: #0000ff;\"><strong><a href=\"http:\/\/www.info.sadowne.pl\/?page_id=350\"><span style=\"color: #0000ff;\">INSTYTUCJE PUBLICZNE<\/span><\/a><\/strong><\/span><\/p>\n<p style=\"text-align: left;\"><span style=\"color: #0000ff;\"><strong><a href=\"http:\/\/www.info.sadowne.pl\/?page_id=261\"><span style=\"color: #0000ff;\">KULTURA<\/span><\/a><\/strong><\/span><\/p>\n<p style=\"text-align: left;\"><span style=\"color: #0000ff;\"><strong><a href=\"http:\/\/www.info.sadowne.pl\/?page_id=361\"><span style=\"color: #0000ff;\">SZKOLNICTWO, EDUKACJA<\/span><\/a><\/strong><\/span><\/p>\n<p style=\"text-align: left;\"><span style=\"color: #0000ff;\"><strong><a href=\"http:\/\/www.info.sadowne.pl\/?page_id=355\"><span style=\"color: #0000ff;\">S\u0141U\u017bBY<\/span><\/a><\/strong><\/span><\/p>\n<p style=\"text-align: left;\"><span style=\"color: #0000ff;\"><strong><a href=\"http:\/\/www.info.sadowne.pl\/?page_id=4865\"><span style=\"color: #0000ff;\">ORGANIZACJE, STOWARZYSZENIA<\/span><\/a><\/strong><\/span><\/p>\n<p style=\"text-align: left;\"><span style=\"color: #0000ff;\"><strong><a href=\"http:\/\/www.info.sadowne.pl\/?page_id=271\"><span style=\"color: #0000ff;\">ZDROWIE, URODA<\/span><\/a><\/strong><\/span><\/p>\n<p style=\"text-align: left;\"><span style=\"color: #0000ff;\"><strong><a href=\"http:\/\/www.info.sadowne.pl\/?page_id=365\"><span style=\"color: #0000ff;\">DLA ZWIERZ\u0104T<\/span><\/a><\/strong><\/span><\/p>\n<p style=\"text-align: left;\"><span style=\"color: #0000ff;\"><strong><a href=\"http:\/\/www.info.sadowne.pl\/?page_id=265\"><span style=\"color: #0000ff;\">DOM I OGR\u00d3D<\/span><\/a><\/strong><\/span><\/p>\n<p style=\"text-align: left;\"><span style=\"color: #0000ff;\"><strong><a href=\"http:\/\/www.info.sadowne.pl\/?page_id=247\"><span style=\"color: #0000ff;\">HANDEL, ZAKUPY<\/span><\/a><\/strong><\/span><\/p>\n<p style=\"text-align: left;\"><span style=\"color: #0000ff;\"><strong><a href=\"http:\/\/www.info.sadowne.pl\/?page_id=259\"><span style=\"color: #0000ff;\">MOTORYZACJA, TRANSPORT<\/span><\/a><\/strong><\/span><\/p>\n<p style=\"text-align: left;\"><span style=\"color: #0000ff;\"><strong><a href=\"http:\/\/www.info.sadowne.pl\/?page_id=5111\"><span style=\"color: #0000ff;\">BUDOWNICTWO, INSTALATORSTWO<\/span><\/a><\/strong><\/span><\/p>\n<p style=\"text-align: left;\"><span style=\"color: #0000ff;\"><strong><a href=\"http:\/\/www.info.sadowne.pl\/?page_id=263\"><span style=\"color: #0000ff;\">GASTRONOMIA, NOCLEGI, TURYSTYKA<\/span><\/a><\/strong><\/span><\/p>\n<p style=\"text-align: left;\"><span style=\"color: #0000ff;\"><strong><a href=\"http:\/\/www.info.sadowne.pl\/?page_id=269\"><span style=\"color: #0000ff;\">OBS\u0141UGA IMPREZ, WESELA<\/span><\/a><\/strong><\/span><\/p>\n<p style=\"text-align: left;\"><span style=\"color: #0000ff;\"><strong><a href=\"http:\/\/www.info.sadowne.pl\/?page_id=5225\"><span style=\"color: #0000ff;\">US\u0141UGI\u00a0<\/span><\/a>\u00a0\u00a0\u00a0\u00a0 \u00a0\u00a0\u00a0\u00a0\u00a0 \u00a0\u00a0\u00a0\u00a0 \u00a0\u00a0\u00a0\u00a0 \u00a0\u00a0\u00a0\u00a0 \u00a0\u00a0\u00a0\u00a0 \u00a0\u00a0\u00a0\u00a0 \u00a0\u00a0\u00a0\u00a0 \u00a0\u00a0\u00a0\u00a0 \u00a0\u00a0\u00a0\u00a0 <\/strong><\/span><\/p>\n<p style=\"text-align: justify;\"><strong>Instytucje, firmy i osoby prowadz\u0105ce us\u0142ugi, dzia\u0142alno\u015b\u0107 gospodarcz\u0105 na terenie gminy Sadowne, kt\u00f3re s\u0105 zainteresowane bezp\u0142atn\u0105 reklam\u0105 w naszym Katalogu firm, prosimy o kontakt z administratorem portalu: info.sadowne@wp.pl.<\/strong><\/p>\n<p><strong>\u00a0<\/strong><\/p>\n","protected":false},"excerpt":{"rendered":"<p>URZ\u0118DY INSTYTUCJE PUBLICZNE KULTURA SZKOLNICTWO, EDUKACJA S\u0141U\u017bBY ORGANIZACJE, STOWARZYSZENIA ZDROWIE, URODA DLA ZWIERZ\u0104T DOM I OGR\u00d3D HANDEL, ZAKUPY MOTORYZACJA, TRANSPORT BUDOWNICTWO, INSTALATORSTWO GASTRONOMIA, NOCLEGI, TURYSTYKA OBS\u0141UGA IMPREZ, WESELA US\u0141UGI\u00a0\u00a0\u00a0\u00a0\u00a0 \u00a0\u00a0\u00a0\u00a0\u00a0 \u00a0\u00a0\u00a0\u00a0 \u00a0\u00a0\u00a0\u00a0 \u00a0\u00a0\u00a0\u00a0 \u00a0\u00a0\u00a0\u00a0 \u00a0\u00a0\u00a0\u00a0 \u00a0\u00a0\u00a0\u00a0 \u00a0\u00a0\u00a0\u00a0 \u00a0\u00a0\u00a0\u00a0 Instytucje, firmy i osoby prowadz\u0105ce us\u0142ugi, dzia\u0142alno\u015b\u0107 gospodarcz\u0105 na terenie gminy Sadowne, kt\u00f3re s\u0105 zainteresowane bezp\u0142atn\u0105 reklam\u0105 [&hellip;]<\/p>\n","protected":false},"author":1,"featured_media":0,"parent":0,"menu_order":2,"comment_status":"open","ping_status":"open","template":"","meta":{"footnotes":""},"class_list":["post-13","page","type-page","status-publish","hentry"],"_links":{"self":[{"href":"https:\/\/info.sadowne.pl\/index.php?rest_route=\/wp\/v2\/pages\/13","targetHints":{"allow":["GET"]}}],"collection":[{"href":"https:\/\/info.sadowne.pl\/index.php?rest_route=\/wp\/v2\/pages"}],"about":[{"href":"https:\/\/info.sadowne.pl\/index.php?rest_route=\/wp\/v2\/types\/page"}],"author":[{"embeddable":true,"href":"https:\/\/info.sadowne.pl\/index.php?rest_route=\/wp\/v2\/users\/1"}],"replies":[{"embeddable":true,"href":"https:\/\/info.sadowne.pl\/index.php?rest_route=%2Fwp%2Fv2%2Fcomments&post=13"}],"version-history":[{"count":23,"href":"https:\/\/info.sadowne.pl\/index.php?rest_route=\/wp\/v2\/pages\/13\/revisions"}],"predecessor-version":[{"id":21782,"href":"https:\/\/info.sadowne.pl\/index.php?rest_route=\/wp\/v2\/pages\/13\/revisions\/21782"}],"wp:attachment":[{"href":"https:\/\/info.sadowne.pl\/index.php?rest_route=%2Fwp%2Fv2%2Fmedia&parent=13"}],"curies":[{"name":"wp","href":"https:\/\/api.w.org\/{rel}","templated":true}]}}