{"id":271,"date":"2012-11-06T07:11:22","date_gmt":"2012-11-06T06:11:22","guid":{"rendered":"http:\/\/www.infosadowne.boo.pl\/?page_id=271"},"modified":"2024-11-18T14:46:00","modified_gmt":"2024-11-18T13:46:00","slug":"zdrowie-uroda","status":"publish","type":"page","link":"https:\/\/info.sadowne.pl\/?page_id=271","title":{"rendered":"Zdrowie, uroda"},"content":{"rendered":"<div id=\"detailsHdrCont\">\n<div id=\"detailsHdrContWrap\">\n<p><a href=\"http:\/\/info.sadowne.pl\/wp-content\/uploads\/2024\/06\/2024.06.19.2.jpg\"><img loading=\"lazy\" decoding=\"async\" class=\"alignleft wp-image-29059 size-full\" src=\"http:\/\/info.sadowne.pl\/wp-content\/uploads\/2024\/06\/2024.06.19.2.jpg\" alt=\"\" width=\"415\" height=\"276\" srcset=\"https:\/\/info.sadowne.pl\/wp-content\/uploads\/2024\/06\/2024.06.19.2.jpg 415w, https:\/\/info.sadowne.pl\/wp-content\/uploads\/2024\/06\/2024.06.19.2-300x200.jpg 300w\" sizes=\"auto, (max-width: 415px) 100vw, 415px\" \/><\/a><\/p>\n<h3 style=\"text-align: center;\">Centrum Medyczno &#8211; Diagnostyczne<\/h3>\n<h3 style=\"text-align: center;\">Sp. z o.o.<\/h3>\n<div>\n<p>07-140 Sadowne, Ko\u015bciuszki 82<\/p>\n<p>tel\/fax: (25) 675 32 20<\/p>\n<\/div>\n<form id=\"updateListingForm\" action=\"http:\/\/static.pkt.pl\/static\/pl_PL\/dodaj-firme.html\" method=\"post\"><em>Przychodnia czynna: <\/em><\/p>\n<p>poniedzia\u0142ek &#8211; pi\u0105tek\u00a0 &#8211; 7:30-15:00<\/p>\n<p><em>Punkt pobra\u0144 krwi czynny:<\/em><\/p>\n<p>poniedzia\u0142ek, \u015broda, czwartek &#8211; 7:30-9:00<\/p>\n<p><em>Punkt szczepie\u0144 czynny:<\/em> wtorek &#8211; 10:00-13:00, pi\u0105tek &#8211; 8:00-12:00<\/p>\n<p style=\"text-align: center;\">&#8230;&#8230;&#8230;&#8230;&#8230;&#8230;&#8230;&#8230;&#8230;&#8230;&#8230;&#8230;&#8230;&#8230;&#8230;&#8230;..<\/p>\n<h3><strong><img loading=\"lazy\" decoding=\"async\" class=\"alignleft size-full wp-image-445\" title=\"O\" src=\"http:\/\/www.info.sadowne.pl\/wp-content\/uploads\/2012\/11\/apteka.jpg\" alt=\"\" width=\"313\" height=\"211\" srcset=\"https:\/\/info.sadowne.pl\/wp-content\/uploads\/2012\/11\/apteka.jpg 313w, https:\/\/info.sadowne.pl\/wp-content\/uploads\/2012\/11\/apteka-300x202.jpg 300w\" sizes=\"auto, (max-width: 313px) 100vw, 313px\" \/>APTEKA<\/strong><\/h3>\n<p>07-140 Sadowne,<\/p>\n<p>ul. Plac Ko\u015bcielny 10<\/p>\n<p>tel. (25) 6753 217<\/p>\n<p>(czynna: poniedzia\u0142ek \u2013 pi\u0105tek<\/p>\n<p>w godz. 8.00 \u2013 16.00)<\/p>\n<p style=\"text-align: center;\">&#8230;&#8230;&#8230;&#8230;&#8230;&#8230;&#8230;&#8230;&#8230;&#8230;&#8230;&#8230;&#8230;&#8230;&#8230;&#8230;..<\/p>\n<p style=\"text-align: center;\"><img loading=\"lazy\" decoding=\"async\" class=\"aligncenter wp-image-8253 size-full\" title=\"ITAMED\" src=\"http:\/\/www.info.sadowne.pl\/wp-content\/uploads\/2012\/11\/itamed2.jpg\" alt=\"itamed2\" width=\"503\" height=\"267\" srcset=\"https:\/\/info.sadowne.pl\/wp-content\/uploads\/2012\/11\/itamed2.jpg 503w, https:\/\/info.sadowne.pl\/wp-content\/uploads\/2012\/11\/itamed2-300x159.jpg 300w\" sizes=\"auto, (max-width: 503px) 100vw, 503px\" \/><\/p>\n<p style=\"text-align: center;\">&#8230;&#8230;&#8230;&#8230;&#8230;&#8230;&#8230;&#8230;&#8230;&#8230;&#8230;&#8230;&#8230;&#8230;&#8230;&#8230;&#8230;.<\/p>\n<h3><strong><img loading=\"lazy\" decoding=\"async\" class=\"alignleft size-medium wp-image-21342\" src=\"http:\/\/info.sadowne.pl\/wp-content\/uploads\/2012\/11\/polozna-300x220.jpg\" alt=\"\" width=\"300\" height=\"220\" srcset=\"https:\/\/info.sadowne.pl\/wp-content\/uploads\/2012\/11\/polozna-300x220.jpg 300w, https:\/\/info.sadowne.pl\/wp-content\/uploads\/2012\/11\/polozna-768x562.jpg 768w, https:\/\/info.sadowne.pl\/wp-content\/uploads\/2012\/11\/polozna.jpg 780w\" sizes=\"auto, (max-width: 300px) 100vw, 300px\" \/>Bezp\u0142atne \u015bwiadczenia po\u0142o\u017cnej<\/strong><\/h3>\n<p><strong>Opieka w ci\u0105\u017cy i po porodzie, porady dla pacjent\u00f3w.<\/strong><\/p>\n<p><strong>MA\u0141GORZATA ZAREMBA <\/strong><\/p>\n<p><strong>INDYWIDUALNA PRAKTYKA PO\u0141O\u017bNEJ<\/strong><\/p>\n<p><strong>UMOWA Z NFZ (\u015aWIADCZENIA UDZIELANE S\u0104 BEZP\u0141ATNIE)<\/strong><\/p>\n<p><strong>&#8211; profesjonalna \u00a0opieka od 21 tygodnia ci\u0105\u017cy do 2 miesi\u0119cy po porodzie<\/strong><\/p>\n<p><strong>&#8211; porady telefoniczne i w domu pacjentki w okresie dojrzewania i klimakterium<\/strong><\/p>\n<p><strong>Kontakt: tel. 692\u00a0119\u00a0616, e-mail: <a href=\"https:\/\/poczta.wp.pl\/k\/\">gz48@wp.pl<\/a><\/strong><\/p>\n<p style=\"text-align: center;\">&#8230;&#8230;&#8230;&#8230;&#8230;&#8230;&#8230;&#8230;&#8230;&#8230;&#8230;&#8230;&#8230;&#8230;&#8230;&#8230;&#8230;..<\/p>\n<p style=\"text-align: center;\"><strong>PODOLOGIA &#8211; Ewa Za\u0142uska<\/strong><\/p>\n<p><a href=\"http:\/\/info.sadowne.pl\/wp-content\/uploads\/2024\/04\/2024.04.11.1.jpg\"><img loading=\"lazy\" decoding=\"async\" class=\"aligncenter size-full wp-image-28830\" src=\"http:\/\/info.sadowne.pl\/wp-content\/uploads\/2024\/04\/2024.04.11.1.jpg\" alt=\"\" width=\"609\" height=\"786\" srcset=\"https:\/\/info.sadowne.pl\/wp-content\/uploads\/2024\/04\/2024.04.11.1.jpg 609w, https:\/\/info.sadowne.pl\/wp-content\/uploads\/2024\/04\/2024.04.11.1-232x300.jpg 232w\" sizes=\"auto, (max-width: 609px) 100vw, 609px\" \/><\/a><\/p>\n<p style=\"text-align: center;\"><span style=\"color: #ff0000;\"><strong>Wi\u0119cej informacji na temat oferty Gabinetu Podologicznego na stronach:<\/strong><\/span><\/p>\n<p style=\"text-align: center;\"><span style=\"color: #0000ff;\"><strong><a style=\"color: #0000ff;\" href=\"http:\/\/www.facebook.com\/ewa.zaluska.3\" target=\"_blank\" rel=\"noopener\">www.facebook.com\/ewa.zaluska.3<\/a><\/strong><\/span><\/p>\n<p style=\"text-align: center;\"><span style=\"color: #0000ff;\"><strong><a style=\"color: #0000ff;\" href=\"http:\/\/www.fusspflege-ewa.at\" target=\"_blank\" rel=\"noopener\">www.fusspflege-ewa.at<\/a><\/strong><\/span><\/p>\n<p style=\"text-align: center;\"><span style=\"color: #0000ff;\"><strong><a style=\"color: #0000ff;\" href=\"http:\/\/www.podolog-ewazaluska.eu\" target=\"_blank\" rel=\"noopener\">www.podolog-ewazaluska.eu<\/a><\/strong><\/span><\/p>\n<p style=\"text-align: center;\">&#8230;&#8230;&#8230;&#8230;&#8230;&#8230;&#8230;&#8230;&#8230;&#8230;&#8230;&#8230;&#8230;&#8230;&#8230;.<\/p>\n<p><a href=\"http:\/\/info.sadowne.pl\/wp-content\/uploads\/2024\/11\/2024.11.18.1.jpg\"><img loading=\"lazy\" decoding=\"async\" class=\"aligncenter size-full wp-image-29578\" src=\"http:\/\/info.sadowne.pl\/wp-content\/uploads\/2024\/11\/2024.11.18.1.jpg\" alt=\"\" width=\"605\" height=\"346\" srcset=\"https:\/\/info.sadowne.pl\/wp-content\/uploads\/2024\/11\/2024.11.18.1.jpg 605w, https:\/\/info.sadowne.pl\/wp-content\/uploads\/2024\/11\/2024.11.18.1-300x172.jpg 300w\" sizes=\"auto, (max-width: 605px) 100vw, 605px\" \/><\/a><\/p>\n<p><a href=\"http:\/\/info.sadowne.pl\/wp-content\/uploads\/2024\/11\/2024.11.18.2.jpg\"><img loading=\"lazy\" decoding=\"async\" class=\"aligncenter size-full wp-image-29579\" src=\"http:\/\/info.sadowne.pl\/wp-content\/uploads\/2024\/11\/2024.11.18.2.jpg\" alt=\"\" width=\"604\" height=\"854\" srcset=\"https:\/\/info.sadowne.pl\/wp-content\/uploads\/2024\/11\/2024.11.18.2.jpg 604w, https:\/\/info.sadowne.pl\/wp-content\/uploads\/2024\/11\/2024.11.18.2-212x300.jpg 212w\" sizes=\"auto, (max-width: 604px) 100vw, 604px\" \/><\/a><\/p>\n<p><a href=\"http:\/\/info.sadowne.pl\/wp-content\/uploads\/2024\/11\/2024.11.18.3.jpg\"><img loading=\"lazy\" decoding=\"async\" class=\"aligncenter size-full wp-image-29580\" src=\"http:\/\/info.sadowne.pl\/wp-content\/uploads\/2024\/11\/2024.11.18.3.jpg\" alt=\"\" width=\"605\" height=\"346\" srcset=\"https:\/\/info.sadowne.pl\/wp-content\/uploads\/2024\/11\/2024.11.18.3.jpg 605w, https:\/\/info.sadowne.pl\/wp-content\/uploads\/2024\/11\/2024.11.18.3-300x172.jpg 300w\" sizes=\"auto, (max-width: 605px) 100vw, 605px\" \/><\/a><\/p>\n<p><strong>Szczeg\u00f3\u0142y na stronie <span style=\"color: #0000ff;\"><a style=\"color: #0000ff;\" href=\"https:\/\/www.facebook.com\/profile.php?id=61568454277119\" target=\"_blank\" rel=\"noopener\">https:\/\/www.facebook.com\/profile.php?id=61568454277119<\/a><\/span><\/strong><\/p>\n<p style=\"text-align: center;\">&#8230;&#8230;&#8230;&#8230;&#8230;&#8230;&#8230;&#8230;&#8230;&#8230;&#8230;&#8230;&#8230;&#8230;&#8230;.<\/p>\n<\/form>\n<\/div>\n<\/div>\n","protected":false},"excerpt":{"rendered":"<p>Centrum Medyczno &#8211; Diagnostyczne Sp. z o.o. 07-140 Sadowne, Ko\u015bciuszki 82 tel\/fax: (25) 675 32 20 Przychodnia czynna: poniedzia\u0142ek &#8211; pi\u0105tek\u00a0 &#8211; 7:30-15:00 Punkt pobra\u0144 krwi czynny: poniedzia\u0142ek, \u015broda, czwartek &#8211; 7:30-9:00 Punkt szczepie\u0144 czynny: wtorek &#8211; 10:00-13:00, pi\u0105tek &#8211; 8:00-12:00 &#8230;&#8230;&#8230;&#8230;&#8230;&#8230;&#8230;&#8230;&#8230;&#8230;&#8230;&#8230;&#8230;&#8230;&#8230;&#8230;.. APTEKA 07-140 Sadowne, ul. Plac Ko\u015bcielny 10 tel. (25) 6753 217 (czynna: poniedzia\u0142ek [&hellip;]<\/p>\n","protected":false},"author":1,"featured_media":0,"parent":13,"menu_order":5,"comment_status":"open","ping_status":"open","template":"","meta":{"footnotes":""},"class_list":["post-271","page","type-page","status-publish","hentry"],"_links":{"self":[{"href":"https:\/\/info.sadowne.pl\/index.php?rest_route=\/wp\/v2\/pages\/271","targetHints":{"allow":["GET"]}}],"collection":[{"href":"https:\/\/info.sadowne.pl\/index.php?rest_route=\/wp\/v2\/pages"}],"about":[{"href":"https:\/\/info.sadowne.pl\/index.php?rest_route=\/wp\/v2\/types\/page"}],"author":[{"embeddable":true,"href":"https:\/\/info.sadowne.pl\/index.php?rest_route=\/wp\/v2\/users\/1"}],"replies":[{"embeddable":true,"href":"https:\/\/info.sadowne.pl\/index.php?rest_route=%2Fwp%2Fv2%2Fcomments&post=271"}],"version-history":[{"count":18,"href":"https:\/\/info.sadowne.pl\/index.php?rest_route=\/wp\/v2\/pages\/271\/revisions"}],"predecessor-version":[{"id":29582,"href":"https:\/\/info.sadowne.pl\/index.php?rest_route=\/wp\/v2\/pages\/271\/revisions\/29582"}],"up":[{"embeddable":true,"href":"https:\/\/info.sadowne.pl\/index.php?rest_route=\/wp\/v2\/pages\/13"}],"wp:attachment":[{"href":"https:\/\/info.sadowne.pl\/index.php?rest_route=%2Fwp%2Fv2%2Fmedia&parent=271"}],"curies":[{"name":"wp","href":"https:\/\/api.w.org\/{rel}","templated":true}]}}