{"id":29,"date":"2012-10-25T19:31:30","date_gmt":"2012-10-25T17:31:30","guid":{"rendered":"http:\/\/www.infosadowne.boo.pl\/?page_id=29"},"modified":"2013-01-06T16:41:01","modified_gmt":"2013-01-06T15:41:01","slug":"interaktywna-mapa-gminy","status":"publish","type":"page","link":"https:\/\/info.sadowne.pl\/?page_id=29","title":{"rendered":"Mapa gminy"},"content":{"rendered":"<p><iframe loading=\"lazy\" src=\"https:\/\/maps.google.pl\/?hl=pl&amp;ie=UTF8&amp;t=m&amp;ll=52.63486,21.848974&amp;spn=0.012502,0.027466&amp;z=15&amp;output=embed\" height=\"480\" width=\"640\" frameborder=\"0\" marginwidth=\"0\" marginheight=\"0\" scrolling=\"no\"><\/iframe><br \/>\n<small><a style=\"color: #0000ff; text-align: left;\" href=\"https:\/\/maps.google.pl\/?hl=pl&amp;ie=UTF8&amp;t=m&amp;ll=52.63486,21.848974&amp;spn=0.012502,0.027466&amp;z=15&amp;source=embed\">Wy\u015bwietl wi\u0119ksz\u0105 map\u0119<\/a><\/small><\/p>\n","protected":false},"excerpt":{"rendered":"<p>Wy\u015bwietl wi\u0119ksz\u0105 map\u0119<\/p>\n","protected":false},"author":1,"featured_media":0,"parent":0,"menu_order":4,"comment_status":"open","ping_status":"open","template":"","meta":{"footnotes":""},"class_list":["post-29","page","type-page","status-publish","hentry"],"_links":{"self":[{"href":"https:\/\/info.sadowne.pl\/index.php?rest_route=\/wp\/v2\/pages\/29","targetHints":{"allow":["GET"]}}],"collection":[{"href":"https:\/\/info.sadowne.pl\/index.php?rest_route=\/wp\/v2\/pages"}],"about":[{"href":"https:\/\/info.sadowne.pl\/index.php?rest_route=\/wp\/v2\/types\/page"}],"author":[{"embeddable":true,"href":"https:\/\/info.sadowne.pl\/index.php?rest_route=\/wp\/v2\/users\/1"}],"replies":[{"embeddable":true,"href":"https:\/\/info.sadowne.pl\/index.php?rest_route=%2Fwp%2Fv2%2Fcomments&post=29"}],"version-history":[{"count":15,"href":"https:\/\/info.sadowne.pl\/index.php?rest_route=\/wp\/v2\/pages\/29\/revisions"}],"predecessor-version":[{"id":38,"href":"https:\/\/info.sadowne.pl\/index.php?rest_route=\/wp\/v2\/pages\/29\/revisions\/38"}],"wp:attachment":[{"href":"https:\/\/info.sadowne.pl\/index.php?rest_route=%2Fwp%2Fv2%2Fmedia&parent=29"}],"curies":[{"name":"wp","href":"https:\/\/api.w.org\/{rel}","templated":true}]}}